{"id":643,"date":"2015-11-02T23:48:54","date_gmt":"2015-11-02T23:48:54","guid":{"rendered":"http:\/\/vps781534.ovh.net\/fr\/?page_id=643"},"modified":"2015-11-19T21:41:33","modified_gmt":"2015-11-19T21:41:33","slug":"accueil","status":"publish","type":"page","link":"https:\/\/fonki.ca\/fr\/","title":{"rendered":"Accueil"},"content":{"rendered":"\n\t<div id=\"fws_69e8bcfa2c409\" data-midnight=\"dark\" data-bg-mobile-hidden=\"\" class=\"wpb_row vc_row-fluid vc_row full-width-content standard_section  homeicons \"  style=\"padding-top: 0px; padding-bottom: 0px; \"><div class=\"row-bg-wrap\"> <div class=\"row-bg   \"  style=\"\"><\/div> <\/div><div class=\"col span_12 dark center\">\n\t<div style=\"\" class=\"vc_col-sm-4 wpb_column column_container col padding-4-percent\" data-using-bg=\"true\" data-padding-pos=\"all\" data-has-bg-color=\"true\" data-bg-color=\"#face56\" data-bg-opacity=\"1\" data-hover-bg=\"#b4893e\" data-hover-bg-opacity=\"1\" data-animation=\"\" data-delay=\"0\"><a class=\"column-link\" href=\"\/fr\/portfolio\"><\/a>\n\t\t<div class=\"wpb_wrapper\">\n\t\t\t\n\t<div class=\"wpb_text_column wpb_content_element \">\n\t\t<div class=\"wpb_wrapper\">\n\t\t\t<p><img loading=\"lazy\" decoding=\"async\" class=\"aligncenter wp-image-155\" src=\"http:\/\/vps781534.ovh.net\/wp-content\/uploads\/2015\/07\/paint2-300x300.png\" alt=\"paint2\" width=\"200\" height=\"200\" srcset=\"https:\/\/fonki.ca\/wp-content\/uploads\/2015\/07\/paint2-300x300.png 300w, https:\/\/fonki.ca\/wp-content\/uploads\/2015\/07\/paint2-150x150.png 150w, https:\/\/fonki.ca\/wp-content\/uploads\/2015\/07\/paint2-50x50.png 50w, https:\/\/fonki.ca\/wp-content\/uploads\/2015\/07\/paint2-100x100.png 100w, https:\/\/fonki.ca\/wp-content\/uploads\/2015\/07\/paint2-500x500.png 500w, https:\/\/fonki.ca\/wp-content\/uploads\/2015\/07\/paint2.png 600w\" sizes=\"auto, (max-width: 200px) 100vw, 200px\" \/><\/p>\n\n\t\t<\/div> \n\t<\/div> \n\t\t<\/div> \n\t<\/div> \n\n\t<div style=\"\" class=\"vc_col-sm-4 wpb_column column_container col padding-4-percent\" data-using-bg=\"true\" data-padding-pos=\"all\" data-has-bg-color=\"true\" data-bg-color=\"#face56\" data-bg-opacity=\"1\" data-hover-bg=\"#b4893e\" data-hover-bg-opacity=\"1\" data-animation=\"\" data-delay=\"0\"><a class=\"column-link\" href=\"\/fr\/nouvelles\"><\/a>\n\t\t<div class=\"wpb_wrapper\">\n\t\t\t\n\t<div class=\"wpb_text_column wpb_content_element \">\n\t\t<div class=\"wpb_wrapper\">\n\t\t\t<p><img loading=\"lazy\" decoding=\"async\" class=\"size-medium wp-image-153 aligncenter\" src=\"http:\/\/vps781534.ovh.net\/wp-content\/uploads\/2015\/07\/news2-300x300.png\" alt=\"news2\" width=\"300\" height=\"300\" srcset=\"https:\/\/fonki.ca\/wp-content\/uploads\/2015\/07\/news2-300x300.png 300w, https:\/\/fonki.ca\/wp-content\/uploads\/2015\/07\/news2-150x150.png 150w, https:\/\/fonki.ca\/wp-content\/uploads\/2015\/07\/news2-50x50.png 50w, https:\/\/fonki.ca\/wp-content\/uploads\/2015\/07\/news2-100x100.png 100w, https:\/\/fonki.ca\/wp-content\/uploads\/2015\/07\/news2-500x500.png 500w, https:\/\/fonki.ca\/wp-content\/uploads\/2015\/07\/news2.png 600w\" sizes=\"auto, (max-width: 300px) 100vw, 300px\" \/><\/p>\n\n\t\t<\/div> \n\t<\/div> \n\t\t<\/div> \n\t<\/div> \n\n\t<div style=\"\" class=\"vc_col-sm-4 wpb_column column_container col padding-4-percent\" data-using-bg=\"true\" data-padding-pos=\"all\" data-has-bg-color=\"true\" data-bg-color=\"#face56\" data-bg-opacity=\"1\" data-hover-bg=\"#b4893e\" data-hover-bg-opacity=\"1\" data-animation=\"\" data-delay=\"0\"><a class=\"column-link\" href=\"\/fr\/videos\"><\/a>\n\t\t<div class=\"wpb_wrapper\">\n\t\t\t\n\t<div class=\"wpb_text_column wpb_content_element \">\n\t\t<div class=\"wpb_wrapper\">\n\t\t\t<p><img loading=\"lazy\" decoding=\"async\" class=\"aligncenter wp-image-157\" src=\"http:\/\/vps781534.ovh.net\/wp-content\/uploads\/2015\/07\/play2-300x300.png\" alt=\"play2\" width=\"200\" height=\"200\" srcset=\"https:\/\/fonki.ca\/wp-content\/uploads\/2015\/07\/play2-300x300.png 300w, https:\/\/fonki.ca\/wp-content\/uploads\/2015\/07\/play2-150x150.png 150w, https:\/\/fonki.ca\/wp-content\/uploads\/2015\/07\/play2-50x50.png 50w, https:\/\/fonki.ca\/wp-content\/uploads\/2015\/07\/play2-100x100.png 100w, https:\/\/fonki.ca\/wp-content\/uploads\/2015\/07\/play2-500x500.png 500w, https:\/\/fonki.ca\/wp-content\/uploads\/2015\/07\/play2.png 600w\" sizes=\"auto, (max-width: 200px) 100vw, 200px\" \/><\/p>\n\n\t\t<\/div> \n\t<\/div> \n\t\t<\/div> \n\t<\/div> \n<\/div><\/div>\n\t<div id=\"fws_69e8bcfa2c9c1\" data-midnight=\"dark\" data-bg-mobile-hidden=\"\" class=\"wpb_row vc_row-fluid vc_row standard_section   \"  style=\"padding-top: 40px; padding-bottom: 40px; \"><div class=\"row-bg-wrap\"> <div class=\"row-bg   \"  style=\"\"><\/div> <\/div><div class=\"col span_12 dark left\">\n\t<div  class=\"vc_col-sm-6 wpb_column column_container col no-extra-padding\"  data-padding-pos=\"all\" data-has-bg-color=\"false\" data-bg-color=\"\" data-bg-opacity=\"1\" data-hover-bg=\"\" data-hover-bg-opacity=\"1\" data-animation=\"\" data-delay=\"0\">\n\t\t<div class=\"wpb_wrapper\">\n\t\t\t\n\t<div class=\"wpb_text_column wpb_content_element \">\n\t\t<div class=\"wpb_wrapper\">\n\t\t\t<h2>L&#8217;Artiste<\/h2>\n<p>FONKi est un artiste montr\u00e9alais. Il est n\u00e9 en France de parents khmers, refugi\u00e9s du g\u00e9nocide cambodgien des ann\u00e9es 70.<\/p>\n<p>\u00c0 l\u2019\u00e2ge de 15 ans, FONKi d\u00e9couvre le graffiti. Peu \u00e0 peu, FONKi s\u2019impose comme l\u2019une des importantes figures de la nouvelle g\u00e9n\u00e9ration de graffeurs montr\u00e9alais.<\/p>\n<p>Son art lui fait d\u00e9couvrir le monde. Il r\u00e9alise des murales en Angleterre, en France, en Belgique, au Cambodge, aux \u00c9tats-Unis, au Mexique, au Vietnam\u2026 Partout o\u00f9 il passe, il peint d\u2019immenses portraits qui c\u00e9l\u00e8brent des personnages locaux. Ces visages anonymes aux expressions profond\u00e9ment touchantes sont d\u00e9sormais la signature de FONKi.<\/p>\n<p>Des murs \u00e0 la toile, FONKi a su adapter son art de la rue aux galeries.<\/p>\n<a class=\"nectar-button large accent-color regular-button\"  href=\"\/fr\/biographie\" data-color-override=\"false\" data-hover-color-override=\"false\" data-hover-text-color-override=\"#fff\"><span>En Savoir Plus<\/span> <\/a>\n\n\t\t<\/div> \n\t<\/div> \n\t\t<\/div> \n\t<\/div> \n\n\t<div  class=\"vc_col-sm-6 wpb_column column_container col no-extra-padding\"  data-padding-pos=\"all\" data-has-bg-color=\"false\" data-bg-color=\"\" data-bg-opacity=\"1\" data-hover-bg=\"\" data-hover-bg-opacity=\"1\" data-animation=\"\" data-delay=\"0\">\n\t\t<div class=\"wpb_wrapper\">\n\t\t\t\n\t<div class=\"wpb_text_column wpb_content_element  vc_custom_1446518207230\">\n\t\t<div class=\"wpb_wrapper\">\n\t\t\t<h2>Contacter FONKi<\/h2>\n\n\t\t<\/div> \n\t<\/div> <div role=\"form\" class=\"wpcf7\" id=\"wpcf7-f668-o1\" lang=\"en-US\" dir=\"ltr\">\n<div class=\"screen-reader-response\"><\/div>\n<form action=\"\/fr\/wp-json\/wp\/v2\/pages\/643#wpcf7-f668-o1\" method=\"post\" class=\"wpcf7-form\" novalidate=\"novalidate\">\n<div style=\"display: none;\">\n<input type=\"hidden\" name=\"_wpcf7\" value=\"668\" \/>\n<input type=\"hidden\" name=\"_wpcf7_version\" value=\"4.4\" \/>\n<input type=\"hidden\" name=\"_wpcf7_locale\" value=\"en_US\" \/>\n<input type=\"hidden\" name=\"_wpcf7_unit_tag\" value=\"wpcf7-f668-o1\" \/>\n<input type=\"hidden\" name=\"_wpnonce\" value=\"bef87d694c\" \/>\n<\/div>\n<p><span class=\"wpcf7-form-control-wrap your-name\"><input type=\"text\" name=\"your-name\" value=\"\" size=\"40\" class=\"wpcf7-form-control wpcf7-text wpcf7-validates-as-required\" aria-required=\"true\" aria-invalid=\"false\" placeholder=\"Nom*\" \/><\/span> <\/p>\n<p><span class=\"wpcf7-form-control-wrap your-email\"><input type=\"email\" name=\"your-email\" value=\"\" size=\"40\" class=\"wpcf7-form-control wpcf7-text wpcf7-email wpcf7-validates-as-required wpcf7-validates-as-email\" aria-required=\"true\" aria-invalid=\"false\" placeholder=\"Courriel*\" \/><\/span> <\/p>\n<p><span class=\"wpcf7-form-control-wrap tel-545\"><input type=\"tel\" name=\"tel-545\" value=\"\" size=\"40\" class=\"wpcf7-form-control wpcf7-text wpcf7-tel wpcf7-validates-as-tel\" aria-invalid=\"false\" placeholder=\"T\u00e9l\u00e9phone\" \/><\/span> <\/p>\n<p><span class=\"wpcf7-form-control-wrap your-subject\"><input type=\"text\" name=\"your-subject\" value=\"\" size=\"40\" class=\"wpcf7-form-control wpcf7-text\" aria-invalid=\"false\" placeholder=\"Sujet\" \/><\/span> <\/p>\n<p><span class=\"wpcf7-form-control-wrap your-message\"><textarea name=\"your-message\" cols=\"40\" rows=\"10\" class=\"wpcf7-form-control wpcf7-textarea\" aria-invalid=\"false\" placeholder=\"Votre Message\"><\/textarea><\/span> <\/p>\n<p><input type=\"submit\" value=\"Envoyer\" class=\"wpcf7-form-control wpcf7-submit\" \/><\/p>\n<div class=\"wpcf7-response-output wpcf7-display-none\"><\/div><\/form><\/div>\n\t\t<\/div> \n\t<\/div> \n<\/div><\/div>\n","protected":false},"excerpt":{"rendered":"L'Artiste FONKi est un artiste montr\u00e9alais. Il est n\u00e9 en France de parents khmers, refugi\u00e9s du g\u00e9nocide cambodgien des ann\u00e9es 70. \u00c0 l\u2019\u00e2ge de 15 ans, FONKi d\u00e9couvre le graffiti....","protected":false},"author":1,"featured_media":0,"parent":0,"menu_order":0,"comment_status":"closed","ping_status":"closed","template":"","meta":{"_monsterinsights_skip_tracking":false,"_monsterinsights_sitenote_active":false,"_monsterinsights_sitenote_note":"","_monsterinsights_sitenote_category":0,"footnotes":""},"class_list":["post-643","page","type-page","status-publish","hentry"],"yoast_head":"<!-- This site is optimized with the Yoast SEO plugin v20.12 - https:\/\/yoast.com\/wordpress\/plugins\/seo\/ -->\n<title>Accueil - Fonki<\/title>\n<meta name=\"robots\" content=\"index, follow, max-snippet:-1, max-image-preview:large, max-video-preview:-1\" \/>\n<link rel=\"canonical\" href=\"https:\/\/fonki.ca\/fr\/\" \/>\n<meta property=\"og:locale\" content=\"fr_FR\" \/>\n<meta property=\"og:type\" content=\"article\" \/>\n<meta property=\"og:title\" content=\"Accueil - Fonki\" \/>\n<meta property=\"og:url\" content=\"https:\/\/fonki.ca\/fr\/\" \/>\n<meta property=\"og:site_name\" content=\"Fonki\" \/>\n<meta property=\"article:modified_time\" content=\"2015-11-19T21:41:33+00:00\" \/>\n<meta property=\"og:image\" content=\"http:\/\/vps781534.ovh.net\/wp-content\/uploads\/2015\/07\/paint2-300x300.png\" \/>\n<meta name=\"twitter:card\" content=\"summary_large_image\" \/>\n<meta name=\"twitter:label1\" content=\"Est. reading time\" \/>\n\t<meta name=\"twitter:data1\" content=\"2 minutes\" \/>\n<script type=\"application\/ld+json\" class=\"yoast-schema-graph\">{\"@context\":\"https:\/\/schema.org\",\"@graph\":[{\"@type\":\"WebPage\",\"@id\":\"https:\/\/fonki.ca\/fr\/\",\"url\":\"https:\/\/fonki.ca\/fr\/\",\"name\":\"Accueil - Fonki\",\"isPartOf\":{\"@id\":\"https:\/\/fonki.ca\/#website\"},\"datePublished\":\"2015-11-02T23:48:54+00:00\",\"dateModified\":\"2015-11-19T21:41:33+00:00\",\"breadcrumb\":{\"@id\":\"https:\/\/fonki.ca\/fr\/#breadcrumb\"},\"inLanguage\":\"fr-FR\",\"potentialAction\":[{\"@type\":\"ReadAction\",\"target\":[\"https:\/\/fonki.ca\/fr\/\"]}]},{\"@type\":\"BreadcrumbList\",\"@id\":\"https:\/\/fonki.ca\/fr\/#breadcrumb\",\"itemListElement\":[{\"@type\":\"ListItem\",\"position\":1,\"name\":\"Home\",\"item\":\"https:\/\/fonki.ca\/fr\/\"},{\"@type\":\"ListItem\",\"position\":2,\"name\":\"Accueil\"}]},{\"@type\":\"WebSite\",\"@id\":\"https:\/\/fonki.ca\/#website\",\"url\":\"https:\/\/fonki.ca\/\",\"name\":\"Fonki\",\"description\":\"\",\"potentialAction\":[{\"@type\":\"SearchAction\",\"target\":{\"@type\":\"EntryPoint\",\"urlTemplate\":\"https:\/\/fonki.ca\/?s={search_term_string}\"},\"query-input\":\"required name=search_term_string\"}],\"inLanguage\":\"fr-FR\"}]}<\/script>\n<!-- \/ Yoast SEO plugin. -->","yoast_head_json":{"title":"Accueil - Fonki","robots":{"index":"index","follow":"follow","max-snippet":"max-snippet:-1","max-image-preview":"max-image-preview:large","max-video-preview":"max-video-preview:-1"},"canonical":"https:\/\/fonki.ca\/fr\/","og_locale":"fr_FR","og_type":"article","og_title":"Accueil - Fonki","og_url":"https:\/\/fonki.ca\/fr\/","og_site_name":"Fonki","article_modified_time":"2015-11-19T21:41:33+00:00","og_image":[{"url":"http:\/\/vps781534.ovh.net\/wp-content\/uploads\/2015\/07\/paint2-300x300.png"}],"twitter_card":"summary_large_image","twitter_misc":{"Est. reading time":"2 minutes"},"schema":{"@context":"https:\/\/schema.org","@graph":[{"@type":"WebPage","@id":"https:\/\/fonki.ca\/fr\/","url":"https:\/\/fonki.ca\/fr\/","name":"Accueil - Fonki","isPartOf":{"@id":"https:\/\/fonki.ca\/#website"},"datePublished":"2015-11-02T23:48:54+00:00","dateModified":"2015-11-19T21:41:33+00:00","breadcrumb":{"@id":"https:\/\/fonki.ca\/fr\/#breadcrumb"},"inLanguage":"fr-FR","potentialAction":[{"@type":"ReadAction","target":["https:\/\/fonki.ca\/fr\/"]}]},{"@type":"BreadcrumbList","@id":"https:\/\/fonki.ca\/fr\/#breadcrumb","itemListElement":[{"@type":"ListItem","position":1,"name":"Home","item":"https:\/\/fonki.ca\/fr\/"},{"@type":"ListItem","position":2,"name":"Accueil"}]},{"@type":"WebSite","@id":"https:\/\/fonki.ca\/#website","url":"https:\/\/fonki.ca\/","name":"Fonki","description":"","potentialAction":[{"@type":"SearchAction","target":{"@type":"EntryPoint","urlTemplate":"https:\/\/fonki.ca\/?s={search_term_string}"},"query-input":"required name=search_term_string"}],"inLanguage":"fr-FR"}]}},"_links":{"self":[{"href":"https:\/\/fonki.ca\/fr\/wp-json\/wp\/v2\/pages\/643","targetHints":{"allow":["GET"]}}],"collection":[{"href":"https:\/\/fonki.ca\/fr\/wp-json\/wp\/v2\/pages"}],"about":[{"href":"https:\/\/fonki.ca\/fr\/wp-json\/wp\/v2\/types\/page"}],"author":[{"embeddable":true,"href":"https:\/\/fonki.ca\/fr\/wp-json\/wp\/v2\/users\/1"}],"replies":[{"embeddable":true,"href":"https:\/\/fonki.ca\/fr\/wp-json\/wp\/v2\/comments?post=643"}],"version-history":[{"count":0,"href":"https:\/\/fonki.ca\/fr\/wp-json\/wp\/v2\/pages\/643\/revisions"}],"wp:attachment":[{"href":"https:\/\/fonki.ca\/fr\/wp-json\/wp\/v2\/media?parent=643"}],"curies":[{"name":"wp","href":"https:\/\/api.w.org\/{rel}","templated":true}]}}